{"id":62,"date":"2023-06-18T16:37:51","date_gmt":"2023-06-18T16:37:51","guid":{"rendered":"https:\/\/s4s.erasmus.site\/?page_id=62"},"modified":"2025-07-11T14:00:00","modified_gmt":"2025-07-11T14:00:00","slug":"results","status":"publish","type":"page","link":"https:\/\/s4s.erasmus.site\/sv\/results\/","title":{"rendered":"Resultat"},"content":{"rendered":"<p>Projektet f\u00f6rv\u00e4ntas p\u00e5g\u00e5 i totalt 30 m\u00e5nader, en tid under vilken f\u00f6ljande projektresultat ska uppn\u00e5s:<\/p>\n<p><strong>Utbildningsprogram f\u00f6r skoll\u00e4rare om pedagogiskt ledarskap :<\/strong><\/p>\n<p>Utbildningen Digital Curriculum for School Teachers, som fokuserar p\u00e5 att f\u00f6rb\u00e4ttra skoll\u00e4rares f\u00e4rdigheter i (pedagogiskt) ledarskap och effektiva metoder som beh\u00f6vs f\u00f6r att \u00f6vervinna b\u00e5de vardagliga och ov\u00e4ntade kritiska situationer som kan uppst\u00e5 i eller utanf\u00f6r klassrummen. Programmet syftar till att identifiera optimala metoder och utbildningsv\u00e4gar som sammanf\u00f6r l\u00e4rarnas huvudsakliga behov.<\/p>\n<div class=\"row\">\n<div class=\"col-sm-3\" style=\"text-align: center;\"><a href=\"https:\/\/s4s.erasmus.site\/wp-content\/uploads\/2023\/11\/S4S_WP2_Report_LONG_Curriculum_EN_FIN.pdf\" target=\"_blank\" rel=\"noopener noreferrer\"><br \/>\n<img fetchpriority=\"high\" decoding=\"async\" class=\"size-medium wp-image-117 aligncenter\" style=\"box-shadow: 5px 5px 10px;\" src=\"https:\/\/s4s.erasmus.site\/wp-content\/uploads\/2023\/11\/S4S_WP2_Report_LONG_Curriculum_EN_FIN-page-001.jpg\" alt=\"\" width=\"212\" height=\"300\" \/><br \/>\nDataanalys och f\u00f6rslag till l\u00e4roplan<\/a><\/div>\n<div class=\"col-sm-3\" style=\"text-align: center;\"><a href=\"https:\/\/s4s.erasmus.site\/wp-content\/uploads\/2023\/06\/S4S_WP2__Curriculum_EN.pdf\" target=\"_blank\" rel=\"noopener noreferrer\"><br \/>\n<img decoding=\"async\" class=\"size-medium wp-image-117 aligncenter\" style=\"box-shadow: 5px 5px 10px;\" src=\"https:\/\/s4s.erasmus.site\/wp-content\/uploads\/2023\/11\/S4S_WP2__Curriculum_EN-page-001.jpg\" alt=\"\" width=\"212\" height=\"300\" \/><br \/>\nF\u00f6rslag till l\u00e4roplan<\/a><\/div>\n<\/div>\n<p><strong>Leadership Education Blended kurs f\u00f6r l\u00e4rare:<\/strong><\/p>\n<p>Resultatet \u00e4r en blandad kurs som riktar sig till gymnasiel\u00e4rare f\u00f6r att ompr\u00f6va den post-pandemiska utbildningsprocessen ur ett ledarskapsperspektiv. Syftet med kursen \u00e4r att utrusta gymnasiel\u00e4rare med ledarskapsf\u00f6rm\u00e5ga f\u00f6r att \u00f6verf\u00f6ra l\u00e4rare och elever fr\u00e5n utbildningsprocessen under pandemin till en ansikte mot ansikte-skola som \u00e4r anpassad till elevernas nya utbildningsbehov. Kursen \u00e4r uppbyggd i moduler, d\u00e4r varje modul \u00e4r inriktad p\u00e5 ett specifikt l\u00e4randeresultat.<\/p>\n<p><strong>Ledarskapsutbildning f\u00f6r l\u00e4rare Online Space:<\/strong><\/p>\n<p>Ett interaktivt utrymme, skr\u00e4ddarsytt f\u00f6r S4S e-learning, utformat f\u00f6r att g\u00f6ra det enkelt, intuitivt och &#8221;socialt&#8221; f\u00f6r l\u00e4rare (den omedelbara m\u00e5lgruppen) att anv\u00e4nda blandad utbildning.<br \/>\n<\/p>\n<p style=\"text-align: center;\"><a class=\"btn btn-primary\" href=\"https:\/\/s4s.erasmus.site\/let\/login\" role=\"button\"><i class=\"fas fa-hand-point-right fa-lg\"><\/i><\/a><\/p>\n<p>\n<strong>Online-samling av god praxis:<\/strong><\/p>\n<p>E-handbok (l\u00e4sbar fr\u00e5n mobil enhet med ett s\u00e4kert, universellt l\u00e4sbart teckensnitt, 80 sidor) som \u00e4r resultatet av den verksamhet som bedrivits under utbildningen.<br \/>\n<\/p>\n<p style=\"text-align: center;\"><a class=\"btn btn-primary\" role=\"button\" href=\"https:\/\/s4s.erasmus.site\/good-practices\"><i class=\"fas fa-hand-point-right fa-lg\"><\/i><\/a><\/p>\n<p><\/p>","protected":false},"excerpt":{"rendered":"<p>Projektet f\u00f6rv\u00e4ntas p\u00e5g\u00e5 i totalt 30 m\u00e5nader, en tid under vilken f\u00f6ljande projektresultat ska uppn\u00e5s: Utbildningsprogram f\u00f6r skoll\u00e4rare om pedagogiskt ledarskap : Utbildningen Digital Curriculum for School Teachers, som fokuserar p\u00e5 att f\u00f6rb\u00e4ttra skoll\u00e4rares f\u00e4rdigheter i (pedagogiskt) ledarskap och effektiva metoder som beh\u00f6vs f\u00f6r att \u00f6vervinna b\u00e5de vardagliga och ov\u00e4ntade kritiska situationer som kan uppst\u00e5&hellip;&nbsp;<\/p>\n","protected":false},"author":1,"featured_media":0,"parent":0,"menu_order":0,"comment_status":"closed","ping_status":"closed","template":"","meta":{"neve_meta_sidebar":"","neve_meta_container":"","neve_meta_enable_content_width":"off","neve_meta_content_width":100,"neve_meta_title_alignment":"","neve_meta_author_avatar":"","neve_post_elements_order":"","neve_meta_disable_header":"","neve_meta_disable_footer":"","neve_meta_disable_title":"","footnotes":""},"class_list":["post-62","page","type-page","status-publish","hentry"],"_links":{"self":[{"href":"https:\/\/s4s.erasmus.site\/sv\/wp-json\/wp\/v2\/pages\/62","targetHints":{"allow":["GET"]}}],"collection":[{"href":"https:\/\/s4s.erasmus.site\/sv\/wp-json\/wp\/v2\/pages"}],"about":[{"href":"https:\/\/s4s.erasmus.site\/sv\/wp-json\/wp\/v2\/types\/page"}],"author":[{"embeddable":true,"href":"https:\/\/s4s.erasmus.site\/sv\/wp-json\/wp\/v2\/users\/1"}],"replies":[{"embeddable":true,"href":"https:\/\/s4s.erasmus.site\/sv\/wp-json\/wp\/v2\/comments?post=62"}],"version-history":[{"count":29,"href":"https:\/\/s4s.erasmus.site\/sv\/wp-json\/wp\/v2\/pages\/62\/revisions"}],"predecessor-version":[{"id":617,"href":"https:\/\/s4s.erasmus.site\/sv\/wp-json\/wp\/v2\/pages\/62\/revisions\/617"}],"wp:attachment":[{"href":"https:\/\/s4s.erasmus.site\/sv\/wp-json\/wp\/v2\/media?parent=62"}],"curies":[{"name":"wp","href":"https:\/\/api.w.org\/{rel}","templated":true}]}}