{"id":10,"date":"2023-06-18T12:17:04","date_gmt":"2023-06-18T12:17:04","guid":{"rendered":"https:\/\/s4s.erasmus.site\/?page_id=10"},"modified":"2025-07-11T10:19:38","modified_gmt":"2025-07-11T10:19:38","slug":"home","status":"publish","type":"page","link":"https:\/\/s4s.erasmus.site\/sv\/","title":{"rendered":"Hem"},"content":{"rendered":"\t\t<div data-elementor-type=\"wp-page\" data-elementor-id=\"10\" class=\"elementor elementor-10\">\n\t\t\t\t\t\t<section class=\"elementor-section elementor-top-section elementor-element elementor-element-1297002 elementor-section-boxed elementor-section-height-default elementor-section-height-default\" data-id=\"1297002\" data-element_type=\"section\" data-e-type=\"section\" data-settings=\"{&quot;background_background&quot;:&quot;classic&quot;}\">\n\t\t\t\t\t\t<div class=\"elementor-container elementor-column-gap-default\">\n\t\t\t\t\t<div class=\"elementor-column elementor-col-100 elementor-top-column elementor-element elementor-element-81867ae\" data-id=\"81867ae\" data-element_type=\"column\" data-e-type=\"column\" data-settings=\"{&quot;background_background&quot;:&quot;classic&quot;}\">\n\t\t\t<div class=\"elementor-widget-wrap elementor-element-populated\">\n\t\t\t\t\t\t<div class=\"elementor-element elementor-element-5cb54ce elementor-widget elementor-widget-image\" data-id=\"5cb54ce\" data-element_type=\"widget\" data-e-type=\"widget\" data-widget_type=\"image.default\">\n\t\t\t\t<div class=\"elementor-widget-container\">\n\t\t\t\t\t\t\t\t\t\t\t\t\t\t\t<img fetchpriority=\"high\" decoding=\"async\" width=\"365\" height=\"358\" src=\"https:\/\/s4s.erasmus.site\/wp-content\/uploads\/2023\/06\/Logo_1-removebg-preview.png\" class=\"attachment-large size-large wp-image-24\" alt=\"\" srcset=\"https:\/\/s4s.erasmus.site\/wp-content\/uploads\/2023\/06\/Logo_1-removebg-preview.png 365w, https:\/\/s4s.erasmus.site\/wp-content\/uploads\/2023\/06\/Logo_1-removebg-preview-300x294.png 300w\" sizes=\"(max-width: 365px) 100vw, 365px\" \/>\t\t\t\t\t\t\t\t\t\t\t\t\t\t\t<\/div>\n\t\t\t\t<\/div>\n\t\t\t\t<div class=\"elementor-element elementor-element-f479993 elementor-widget elementor-widget-heading\" data-id=\"f479993\" data-element_type=\"widget\" data-e-type=\"widget\" data-widget_type=\"heading.default\">\n\t\t\t\t<div class=\"elementor-widget-container\">\n\t\t\t\t\t<h2 class=\"elementor-heading-title elementor-size-xl\">S4S<\/h2>\t\t\t\t<\/div>\n\t\t\t\t<\/div>\n\t\t\t\t<div class=\"elementor-element elementor-element-740d676 elementor-widget elementor-widget-heading\" data-id=\"740d676\" data-element_type=\"widget\" data-e-type=\"widget\" data-widget_type=\"heading.default\">\n\t\t\t\t<div class=\"elementor-widget-container\">\n\t\t\t\t\t<h2 class=\"elementor-heading-title elementor-size-default\">The School 4 The Schools: An Effective Leadership in Challenging Times<\/h2>\t\t\t\t<\/div>\n\t\t\t\t<\/div>\n\t\t\t\t<div class=\"elementor-element elementor-element-efbcb60 elementor-widget elementor-widget-text-editor\" data-id=\"efbcb60\" data-element_type=\"widget\" data-e-type=\"widget\" data-widget_type=\"text-editor.default\">\n\t\t\t\t<div class=\"elementor-widget-container\">\n\t\t\t\t\t\t\t\t\t<p><\/p><p><\/p><p><\/p><p><\/p><p><\/p><p><\/p><p>Projektnummer: 2022-1-IT02-KA220-SCH-000089769<br \/>Projektets varaktighet: 01.11.2022 &#8211; 30.04.2025 (30 m\u00e5naders varaktighet)<br \/><\/p>\t\t\t\t\t\t\t\t<\/div>\n\t\t\t\t<\/div>\n\t\t\t\t<div class=\"elementor-element elementor-element-a45e6da elementor-view-default elementor-widget elementor-widget-icon\" data-id=\"a45e6da\" data-element_type=\"widget\" data-e-type=\"widget\" data-widget_type=\"icon.default\">\n\t\t\t\t<div class=\"elementor-widget-container\">\n\t\t\t\t\t\t\t<div class=\"elementor-icon-wrapper\">\n\t\t\t<a class=\"elementor-icon elementor-animation-grow\" href=\"#about\">\n\t\t\t<i aria-hidden=\"true\" class=\"far fa-hand-point-down\"><\/i>\t\t\t<\/a>\n\t\t<\/div>\n\t\t\t\t\t\t<\/div>\n\t\t\t\t<\/div>\n\t\t\t\t\t<\/div>\n\t\t<\/div>\n\t\t\t\t\t<\/div>\n\t\t<\/section>\n\t\t\t\t<section class=\"elementor-section elementor-top-section elementor-element elementor-element-5eba9b9 elementor-section-boxed elementor-section-height-default elementor-section-height-default\" data-id=\"5eba9b9\" data-element_type=\"section\" data-e-type=\"section\" data-settings=\"{&quot;background_background&quot;:&quot;classic&quot;}\">\n\t\t\t\t\t\t<div class=\"elementor-container elementor-column-gap-default\">\n\t\t\t\t\t<div class=\"elementor-column elementor-col-100 elementor-top-column elementor-element elementor-element-6bb0747\" data-id=\"6bb0747\" data-element_type=\"column\" data-e-type=\"column\" data-settings=\"{&quot;background_background&quot;:&quot;classic&quot;}\">\n\t\t\t<div class=\"elementor-widget-wrap elementor-element-populated\">\n\t\t\t\t\t\t<div class=\"elementor-element elementor-element-d2c1f88 elementor-widget elementor-widget-menu-anchor\" data-id=\"d2c1f88\" data-element_type=\"widget\" data-e-type=\"widget\" data-widget_type=\"menu-anchor.default\">\n\t\t\t\t<div class=\"elementor-widget-container\">\n\t\t\t\t\t\t\t<div class=\"elementor-menu-anchor\" id=\"about\"><\/div>\n\t\t\t\t\t\t<\/div>\n\t\t\t\t<\/div>\n\t\t\t\t<div class=\"elementor-element elementor-element-1ad995f elementor-widget elementor-widget-heading\" data-id=\"1ad995f\" data-element_type=\"widget\" data-e-type=\"widget\" data-widget_type=\"heading.default\">\n\t\t\t\t<div class=\"elementor-widget-container\">\n\t\t\t\t\t<h2 class=\"elementor-heading-title elementor-size-xl\">SYFTE MED PROJEKTET<\/h2>\t\t\t\t<\/div>\n\t\t\t\t<\/div>\n\t\t\t\t<div class=\"elementor-element elementor-element-a0c87d4 elementor-widget elementor-widget-text-editor\" data-id=\"a0c87d4\" data-element_type=\"widget\" data-e-type=\"widget\" data-widget_type=\"text-editor.default\">\n\t\t\t\t<div class=\"elementor-widget-container\">\n\t\t\t\t\t\t\t\t\t<p><\/p><p><\/p><p><\/p><p><\/p><p>Syftet med projektet \u00e4r att utrusta l\u00e4rare med en pedagogisk ledarskapskompetens som g\u00f6r det m\u00f6jligt f\u00f6r dem att hantera s\u00e5 m\u00e5nga pl\u00f6tsliga och kritiska situationer som m\u00f6jligt i skolmilj\u00f6n. Projektet utformades ocks\u00e5 med \u00f6verf\u00f6rbarhet i \u00e5tanke;<\/p><p>l\u00e4rare som \u00e4r v\u00e4lutbildade i ledarskap kan i sin tur \u00f6verf\u00f6ra kunskap till sina elever, kollegor, rektorer och till och med hela skolpersonalen.<br \/><\/p>\t\t\t\t\t\t\t\t<\/div>\n\t\t\t\t<\/div>\n\t\t\t\t<div class=\"elementor-element elementor-element-5946a2c elementor-widget elementor-widget-text-editor\" data-id=\"5946a2c\" data-element_type=\"widget\" data-e-type=\"widget\" data-widget_type=\"text-editor.default\">\n\t\t\t\t<div class=\"elementor-widget-container\">\n\t\t\t\t\t\t\t\t\t<div class=\"paoc-pro-shortcode-preview paoc-copy-clipboard\">\t<a class=\"paoc-popup-click paoc-popup-cust-56 paoc-popup-button paoc-popup-btn \" href=\"javascript:void(0);\">L\u00e4s mer<\/a>\r\n<\/div>\t\t\t\t\t\t\t\t<\/div>\n\t\t\t\t<\/div>\n\t\t\t\t\t<\/div>\n\t\t<\/div>\n\t\t\t\t\t<\/div>\n\t\t<\/section>\n\t\t\t\t<\/div>\n\t\t","protected":false},"excerpt":{"rendered":"<p>S4S The School 4 The Schools: An Effective Leadership in Challenging Times Projektnummer: 2022-1-IT02-KA220-SCH-000089769Projektets varaktighet: 01.11.2022 &#8211; 30.04.2025 (30 m\u00e5naders varaktighet) SYFTE MED PROJEKTET Syftet med projektet \u00e4r att utrusta l\u00e4rare med en pedagogisk ledarskapskompetens som g\u00f6r det m\u00f6jligt f\u00f6r dem att hantera s\u00e5 m\u00e5nga pl\u00f6tsliga och kritiska situationer som m\u00f6jligt i skolmilj\u00f6n. Projektet utformades&hellip;&nbsp;<\/p>\n","protected":false},"author":1,"featured_media":0,"parent":0,"menu_order":0,"comment_status":"closed","ping_status":"closed","template":"page-templates\/template-pagebuilder-full-width.php","meta":{"neve_meta_sidebar":"","neve_meta_container":"","neve_meta_enable_content_width":"off","neve_meta_content_width":100,"neve_meta_title_alignment":"","neve_meta_author_avatar":"","neve_post_elements_order":"","neve_meta_disable_header":"","neve_meta_disable_footer":"","neve_meta_disable_title":"","footnotes":""},"class_list":["post-10","page","type-page","status-publish","hentry"],"_links":{"self":[{"href":"https:\/\/s4s.erasmus.site\/sv\/wp-json\/wp\/v2\/pages\/10","targetHints":{"allow":["GET"]}}],"collection":[{"href":"https:\/\/s4s.erasmus.site\/sv\/wp-json\/wp\/v2\/pages"}],"about":[{"href":"https:\/\/s4s.erasmus.site\/sv\/wp-json\/wp\/v2\/types\/page"}],"author":[{"embeddable":true,"href":"https:\/\/s4s.erasmus.site\/sv\/wp-json\/wp\/v2\/users\/1"}],"replies":[{"embeddable":true,"href":"https:\/\/s4s.erasmus.site\/sv\/wp-json\/wp\/v2\/comments?post=10"}],"version-history":[{"count":81,"href":"https:\/\/s4s.erasmus.site\/sv\/wp-json\/wp\/v2\/pages\/10\/revisions"}],"predecessor-version":[{"id":613,"href":"https:\/\/s4s.erasmus.site\/sv\/wp-json\/wp\/v2\/pages\/10\/revisions\/613"}],"wp:attachment":[{"href":"https:\/\/s4s.erasmus.site\/sv\/wp-json\/wp\/v2\/media?parent=10"}],"curies":[{"name":"wp","href":"https:\/\/api.w.org\/{rel}","templated":true}]}}