{"id":62,"date":"2023-06-18T16:37:51","date_gmt":"2023-06-18T16:37:51","guid":{"rendered":"https:\/\/s4s.erasmus.site\/?page_id=62"},"modified":"2025-07-11T14:00:00","modified_gmt":"2025-07-11T14:00:00","slug":"results","status":"publish","type":"page","link":"https:\/\/s4s.erasmus.site\/ro\/results\/","title":{"rendered":"Resultate"},"content":{"rendered":"<p>Proiectul dureaz\u0103 \u00een total 30 de luni, timp \u00een care vor fi atinse urm\u0103toarele rezultate ale proiectului:<\/p>\n<p><strong>Curriculum de formare pentru cadrele didactice din \u0219coal\u0103 privind leadership-ul educa\u021bional:<\/strong><\/p>\n<p>Curriculum digital de formare pentru profesori se concentreaz\u0103 pe \u00eembun\u0103t\u0103\u021birea abilit\u0103\u021bilor profesorilor \u00een leadership (educa\u021bional) \u0219i a metodelor eficiente necesare pentru a dep\u0103\u0219i at\u00e2t situa\u021biile critice de zi cu zi, c\u00e2t \u0219i pe cele nea\u0219teptate care pot ap\u0103rea \u00een sau \u00een afara s\u0103lilor de clas\u0103. Programul \u00ee\u0219i propune s\u0103 identifice metodologii \u0219i c\u0103i de formare optime care s\u0103 reuneasc\u0103 nevoile principale ale profesorilor.<\/p>\n<div class=\"row\">\n<div class=\"col-sm-3\" style=\"text-align: center;\"><a href=\"https:\/\/s4s.erasmus.site\/wp-content\/uploads\/2023\/11\/S4S_WP2_Report_LONG_Curriculum_EN_FIN.pdf\" target=\"_blank\" rel=\"noopener noreferrer\"><br \/>\n<img fetchpriority=\"high\" decoding=\"async\" class=\"size-medium wp-image-117 aligncenter\" style=\"box-shadow: 5px 5px 10px;\" src=\"https:\/\/s4s.erasmus.site\/wp-content\/uploads\/2023\/11\/S4S_WP2_Report_LONG_Curriculum_EN_FIN-page-001.jpg\" alt=\"\" width=\"212\" height=\"300\" \/><br \/>\nAnaliza datelor \u0219i propunere de curriculum<\/a><\/div>\n<div class=\"col-sm-3\" style=\"text-align: center;\"><a href=\"https:\/\/s4s.erasmus.site\/wp-content\/uploads\/2023\/06\/S4S_WP2__Curriculum_RO.pdf\" target=\"_blank\" rel=\"noopener noreferrer\"><br \/>\n<img decoding=\"async\" class=\"size-medium wp-image-117 aligncenter\" style=\"box-shadow: 5px 5px 10px;\" src=\"https:\/\/s4s.erasmus.site\/wp-content\/uploads\/2023\/11\/S4S_WP2__Curriculum_EN-page-001.jpg\" alt=\"\" width=\"212\" height=\"300\" \/><br \/>\nPropunere de curriculum<\/a><\/div>\n<\/div>\n<p><strong>Curs pentru profesori de Leadership Education Blended:<\/strong><\/p>\n<p>Acest rezultat este un curs mixt care \u00eei vizeaz\u0103 pe profesori s\u0103 reg\u00e2ndeasc\u0103 procesul de educa\u021bie post-pandemie dintr-o perspectiv\u0103 de leadership. Scopul cursului este de a dota profesorii cu abilit\u0103\u021bi de leadership pentru a face tranzi\u021bia de la procesul educa\u021bional din timpul pandemiei la o \u0219coal\u0103 fa\u021b\u0103 \u00een fa\u021b\u0103 adaptat\u0103 noilor nevoi educa\u021bionale ale elevilor. Cursul este structurat \u00een module, fiecare modul vizeaz\u0103 un anumit rezultat al \u00eenv\u0103\u021b\u0103rii.<\/p>\n<p><strong>Educa\u021bie \u00een leadership pentru profesori \u00een spa\u021biul online:<\/strong><\/p>\n<p>Un spa\u021biu interactiv, adaptat pentru e-learning S4S, conceput pentru ca profesorii (grupul \u021bint\u0103 imediat) s\u0103 foloseasc\u0103 formarea blended u\u0219or, intuitiv \u0219i \u201esocial\u201d.<br \/>\n<\/p>\n<p style=\"text-align: center;\"><a class=\"btn btn-primary\" href=\"https:\/\/s4s.erasmus.site\/let\/login\" role=\"button\"><i class=\"fas fa-hand-point-right fa-lg\"><\/i><\/a><\/p>\n<p>\n<strong>Culegere online de bune practici:<\/strong><\/p>\n<p>E-manual (citit de pe dispozitivul mobil cu un font sigur, lizibil universal, 80 de pagini) rezultat din activitatea desf\u0103\u0219urat\u0103 \u00een timpul form\u0103rii.<br \/>\n<\/p>\n<p style=\"text-align: center;\"><a class=\"btn btn-primary\" role=\"button\" href=\"https:\/\/s4s.erasmus.site\/good-practices\"><i class=\"fas fa-hand-point-right fa-lg\"><\/i><\/a><\/p>\n<p><\/p>","protected":false},"excerpt":{"rendered":"<p>Proiectul dureaz\u0103 \u00een total 30 de luni, timp \u00een care vor fi atinse urm\u0103toarele rezultate ale proiectului: Curriculum de formare pentru cadrele didactice din \u0219coal\u0103 privind leadership-ul educa\u021bional: Curriculum digital de formare pentru profesori se concentreaz\u0103 pe \u00eembun\u0103t\u0103\u021birea abilit\u0103\u021bilor profesorilor \u00een leadership (educa\u021bional) \u0219i a metodelor eficiente necesare pentru a dep\u0103\u0219i at\u00e2t situa\u021biile critice de&hellip;&nbsp;<\/p>\n","protected":false},"author":1,"featured_media":0,"parent":0,"menu_order":0,"comment_status":"closed","ping_status":"closed","template":"","meta":{"neve_meta_sidebar":"","neve_meta_container":"","neve_meta_enable_content_width":"off","neve_meta_content_width":100,"neve_meta_title_alignment":"","neve_meta_author_avatar":"","neve_post_elements_order":"","neve_meta_disable_header":"","neve_meta_disable_footer":"","neve_meta_disable_title":"","footnotes":""},"class_list":["post-62","page","type-page","status-publish","hentry"],"_links":{"self":[{"href":"https:\/\/s4s.erasmus.site\/ro\/wp-json\/wp\/v2\/pages\/62","targetHints":{"allow":["GET"]}}],"collection":[{"href":"https:\/\/s4s.erasmus.site\/ro\/wp-json\/wp\/v2\/pages"}],"about":[{"href":"https:\/\/s4s.erasmus.site\/ro\/wp-json\/wp\/v2\/types\/page"}],"author":[{"embeddable":true,"href":"https:\/\/s4s.erasmus.site\/ro\/wp-json\/wp\/v2\/users\/1"}],"replies":[{"embeddable":true,"href":"https:\/\/s4s.erasmus.site\/ro\/wp-json\/wp\/v2\/comments?post=62"}],"version-history":[{"count":29,"href":"https:\/\/s4s.erasmus.site\/ro\/wp-json\/wp\/v2\/pages\/62\/revisions"}],"predecessor-version":[{"id":617,"href":"https:\/\/s4s.erasmus.site\/ro\/wp-json\/wp\/v2\/pages\/62\/revisions\/617"}],"wp:attachment":[{"href":"https:\/\/s4s.erasmus.site\/ro\/wp-json\/wp\/v2\/media?parent=62"}],"curies":[{"name":"wp","href":"https:\/\/api.w.org\/{rel}","templated":true}]}}