{"id":376,"date":"2025-06-04T13:33:17","date_gmt":"2025-06-04T13:33:17","guid":{"rendered":"https:\/\/s4s.erasmus.site\/?page_id=376"},"modified":"2025-07-11T11:18:41","modified_gmt":"2025-07-11T11:18:41","slug":"multiplier-events","status":"publish","type":"page","link":"https:\/\/s4s.erasmus.site\/pl\/multiplier-events\/","title":{"rendered":"Multiplier Events"},"content":{"rendered":"<p><\/p>\n<hr \/>\n<p><!-- PL --><br \/>\n<img decoding=\"async\" class=\"aligncenter\" style=\"border: 1px solid black;\" src=\"https:\/\/flagcdn.com\/pl.svg\" alt=\"Spain\" width=\"80\" height=\"60\" \/><\/p>\n<div class=\"text-center mt-3\">\n<p><strong>Finalne wydarzenie upowszechniaj\u0105ce projektu S4S w Polsce<\/strong><\/p>\n<p>W dniach <strong>16 i 23 kwietnia 2025 roku<\/strong> polski partner projektu \u2013 <strong>Danmar Computers<\/strong> \u2013 zorganizowa\u0142 finalne wydarzenia upowszechniaj\u0105ce w ramach projektu <strong>S4S \u2013 The School 4 The Schools: Skuteczne przyw\u00f3dztwo w trudnych czasach<\/strong>. Spotkania odby\u0142y si\u0119 w formule hybrydowej \u2013 jako <strong>sesja online<\/strong> oraz <strong>wydarzenie stacjonarne w Ropczycach<\/strong> \u2013 i zgromadzi\u0142y \u0142\u0105cznie <strong>76 uczestnik\u00f3w<\/strong> reprezentuj\u0105cych sektor edukacji.<\/p>\n<\/div>\n<div><\/div>\n<div class=\"text-center mt-3\" style=\"margin-top: 25px; text-align: center;\">\t<a class=\"paoc-popup-click paoc-popup-cust-414 paoc-popup-button paoc-popup-btn \" href=\"javascript:void(0);\">Open<\/a>\r\n<\/div>\n<hr \/>\n<p><\/p>","protected":false},"excerpt":{"rendered":"<p>Finalne wydarzenie upowszechniaj\u0105ce projektu S4S w Polsce W dniach 16 i 23 kwietnia 2025 roku polski partner projektu \u2013 Danmar Computers \u2013 zorganizowa\u0142 finalne wydarzenia upowszechniaj\u0105ce w ramach projektu S4S \u2013 The School 4 The Schools: Skuteczne przyw\u00f3dztwo w trudnych czasach. Spotkania odby\u0142y si\u0119 w formule hybrydowej \u2013 jako sesja online oraz wydarzenie stacjonarne w&hellip;&nbsp;<\/p>\n","protected":false},"author":1,"featured_media":0,"parent":0,"menu_order":0,"comment_status":"closed","ping_status":"closed","template":"","meta":{"neve_meta_sidebar":"","neve_meta_container":"","neve_meta_enable_content_width":"off","neve_meta_content_width":100,"neve_meta_title_alignment":"","neve_meta_author_avatar":"","neve_post_elements_order":"","neve_meta_disable_header":"","neve_meta_disable_footer":"","neve_meta_disable_title":"","footnotes":""},"class_list":["post-376","page","type-page","status-publish","hentry"],"_links":{"self":[{"href":"https:\/\/s4s.erasmus.site\/pl\/wp-json\/wp\/v2\/pages\/376","targetHints":{"allow":["GET"]}}],"collection":[{"href":"https:\/\/s4s.erasmus.site\/pl\/wp-json\/wp\/v2\/pages"}],"about":[{"href":"https:\/\/s4s.erasmus.site\/pl\/wp-json\/wp\/v2\/types\/page"}],"author":[{"embeddable":true,"href":"https:\/\/s4s.erasmus.site\/pl\/wp-json\/wp\/v2\/users\/1"}],"replies":[{"embeddable":true,"href":"https:\/\/s4s.erasmus.site\/pl\/wp-json\/wp\/v2\/comments?post=376"}],"version-history":[{"count":37,"href":"https:\/\/s4s.erasmus.site\/pl\/wp-json\/wp\/v2\/pages\/376\/revisions"}],"predecessor-version":[{"id":615,"href":"https:\/\/s4s.erasmus.site\/pl\/wp-json\/wp\/v2\/pages\/376\/revisions\/615"}],"wp:attachment":[{"href":"https:\/\/s4s.erasmus.site\/pl\/wp-json\/wp\/v2\/media?parent=376"}],"curies":[{"name":"wp","href":"https:\/\/api.w.org\/{rel}","templated":true}]}}