{"id":62,"date":"2023-06-18T16:37:51","date_gmt":"2023-06-18T16:37:51","guid":{"rendered":"https:\/\/s4s.erasmus.site\/?page_id=62"},"modified":"2025-07-11T14:00:00","modified_gmt":"2025-07-11T14:00:00","slug":"results","status":"publish","type":"page","link":"https:\/\/s4s.erasmus.site\/es\/results\/","title":{"rendered":"Resultados"},"content":{"rendered":"<p>Se espera que el proyecto dure un total de 30 meses; Tiempo en el que se alcanzar\u00e1n los siguientes resultados del proyecto:<\/p>\n<p><strong>Curr\u00edculo de capacitaci\u00f3n para maestros de escuela sobre liderazgo educativo:<\/strong><\/p>\n<p>El curr\u00edculo digital de capacitaci\u00f3n para maestros de escuela, que se centra en mejorar las habilidades de los maestros de escuela en liderazgo (educativo) y los m\u00e9todos efectivos necesarios para superar situaciones cr\u00edticas cotidianas e inesperadas que pueden surgir dentro o fuera de sus aulas. El programa tiene como objetivo identificar metodolog\u00edas \u00f3ptimas y v\u00edas de formaci\u00f3n que re\u00fanan las principales necesidades de los docentes.<\/p>\n<div class=\"row\">\n<div class=\"col-sm-3\" style=\"text-align: center;\"><a href=\"https:\/\/s4s.erasmus.site\/wp-content\/uploads\/2023\/11\/S4S_WP2_Report_LONG_Curriculum_EN_FIN.pdf\" target=\"_blank\" rel=\"noopener noreferrer\"><br \/>\n<img fetchpriority=\"high\" decoding=\"async\" class=\"size-medium wp-image-117 aligncenter\" style=\"box-shadow: 5px 5px 10px;\" src=\"https:\/\/s4s.erasmus.site\/wp-content\/uploads\/2023\/11\/S4S_WP2_Report_LONG_Curriculum_EN_FIN-page-001.jpg\" alt=\"\" width=\"212\" height=\"300\" \/><br \/>\nAn\u00e1lisis de datos y propuesta curricular<\/a><\/div>\n<div class=\"col-sm-3\" style=\"text-align: center;\"><a href=\"https:\/\/s4s.erasmus.site\/wp-content\/uploads\/2023\/06\/S4S_WP2__Curriculum_ES.pdf\" target=\"_blank\" rel=\"noopener noreferrer\"><br \/>\n<img decoding=\"async\" class=\"size-medium wp-image-117 aligncenter\" style=\"box-shadow: 5px 5px 10px;\" src=\"https:\/\/s4s.erasmus.site\/wp-content\/uploads\/2023\/11\/S4S_WP2__Curriculum_EN-page-001.jpg\" alt=\"\" width=\"212\" height=\"300\" \/><br \/>\nPropuesta de Curriculum<\/a><\/div>\n<\/div>\n<p><strong>Curso h\u00edbrido de Educaci\u00f3n de Liderazgo para profesores:<\/strong><\/p>\n<p>Este resultado es un curso semipresencial dirigido a profesores de secundaria para repensar el proceso educativo post-pandemia desde una perspectiva de liderazgo. El objetivo del curso es dotar al profesorado de secundaria de habilidades de liderazgo para la transici\u00f3n de docentes y alumnos del proceso educativo durante la pandemia a un colegio presencial adaptado a las nuevas necesidades educativas del alumnado. El curso est\u00e1 estructurado en m\u00f3dulos, y cada m\u00f3dulo apunta a un resultado de aprendizaje espec\u00edfico.<\/p>\n<p><strong>Espacio en l\u00ednea de educaci\u00f3n de liderazgo para maestros:<\/strong><\/p>\n<p>Un espacio interactivo, adaptado para el e-learning S4S, dise\u00f1ado para que sea f\u00e1cil, intuitivo y \u00absocial\u00bb para los profesores (el grupo objetivo inmediato) utilizar la formaci\u00f3n combinada.<br \/>\n<\/p>\n<p style=\"text-align: center;\"><a class=\"btn btn-primary\" href=\"https:\/\/s4s.erasmus.site\/let\/login\" role=\"button\"><i class=\"fas fa-hand-point-right fa-lg\"><\/i><\/a><\/p>\n<p>\n<strong>Recopilaci\u00f3n online de buenas pr\u00e1cticas:<\/strong><\/p>\n<p>Manual electr\u00f3nico (legible desde un dispositivo m\u00f3vil con una fuente segura y universalmente legible, 80 p\u00e1ginas) resultado de la actividad llevada a cabo durante la capacitaci\u00f3n.<br \/>\n<\/p>\n<p style=\"text-align: center;\"><a class=\"btn btn-primary\" role=\"button\" href=\"https:\/\/s4s.erasmus.site\/good-practices\"><i class=\"fas fa-hand-point-right fa-lg\"><\/i><\/a><\/p>\n<p><\/p>","protected":false},"excerpt":{"rendered":"<p>Se espera que el proyecto dure un total de 30 meses; Tiempo en el que se alcanzar\u00e1n los siguientes resultados del proyecto: Curr\u00edculo de capacitaci\u00f3n para maestros de escuela sobre liderazgo educativo: El curr\u00edculo digital de capacitaci\u00f3n para maestros de escuela, que se centra en mejorar las habilidades de los maestros de escuela en liderazgo&hellip;&nbsp;<\/p>\n","protected":false},"author":1,"featured_media":0,"parent":0,"menu_order":0,"comment_status":"closed","ping_status":"closed","template":"","meta":{"neve_meta_sidebar":"","neve_meta_container":"","neve_meta_enable_content_width":"off","neve_meta_content_width":100,"neve_meta_title_alignment":"","neve_meta_author_avatar":"","neve_post_elements_order":"","neve_meta_disable_header":"","neve_meta_disable_footer":"","neve_meta_disable_title":"","footnotes":""},"class_list":["post-62","page","type-page","status-publish","hentry"],"_links":{"self":[{"href":"https:\/\/s4s.erasmus.site\/es\/wp-json\/wp\/v2\/pages\/62","targetHints":{"allow":["GET"]}}],"collection":[{"href":"https:\/\/s4s.erasmus.site\/es\/wp-json\/wp\/v2\/pages"}],"about":[{"href":"https:\/\/s4s.erasmus.site\/es\/wp-json\/wp\/v2\/types\/page"}],"author":[{"embeddable":true,"href":"https:\/\/s4s.erasmus.site\/es\/wp-json\/wp\/v2\/users\/1"}],"replies":[{"embeddable":true,"href":"https:\/\/s4s.erasmus.site\/es\/wp-json\/wp\/v2\/comments?post=62"}],"version-history":[{"count":29,"href":"https:\/\/s4s.erasmus.site\/es\/wp-json\/wp\/v2\/pages\/62\/revisions"}],"predecessor-version":[{"id":617,"href":"https:\/\/s4s.erasmus.site\/es\/wp-json\/wp\/v2\/pages\/62\/revisions\/617"}],"wp:attachment":[{"href":"https:\/\/s4s.erasmus.site\/es\/wp-json\/wp\/v2\/media?parent=62"}],"curies":[{"name":"wp","href":"https:\/\/api.w.org\/{rel}","templated":true}]}}